{"id":898,"date":"2025-07-04T19:24:53","date_gmt":"2025-07-04T19:24:53","guid":{"rendered":"https:\/\/freechatnow.cam\/?page_id=898"},"modified":"2025-07-04T19:24:56","modified_gmt":"2025-07-04T19:24:56","slug":"guidelines","status":"publish","type":"page","link":"https:\/\/freechatnow.cam\/sv\/guidelines\/","title":{"rendered":"Riktlinjer"},"content":{"rendered":"<p><strong>V\u00e4lkommen till FreeChatNow.cam!<\/strong><br>Vi finns h\u00e4r f\u00f6r att hj\u00e4lpa dig att f\u00e5 kontakt, chatta och ha kul i en v\u00e4nlig milj\u00f6. V\u00e5ra communityriktlinjer \u00e4r utformade f\u00f6r att s\u00e4kerst\u00e4lla att FreeChatNow.cam f\u00f6rblir en s\u00e4ker, respektfull och inkluderande plats f\u00f6r alla. \u00c4ven om dessa riktlinjer inte \u00e4r utt\u00f6mmande, belyser de de viktigaste standarderna f\u00f6r beteende p\u00e5 v\u00e5r plattform. Anv\u00e4nd sunt f\u00f6rnuft, var h\u00e4nsynsfull och behandla andra med respekt n\u00e4r du anv\u00e4nder v\u00e5ra tj\u00e4nster.<\/p>\n\n\n\n<p>Dessa riktlinjer g\u00e4ller f\u00f6r din anv\u00e4ndning av FreeChatNow.cams webbplats och tj\u00e4nster (\u201dTj\u00e4nsterna\u201d). Vi f\u00f6rbeh\u00e5ller oss r\u00e4tten att uppdatera eller \u00e4ndra dessa riktlinjer n\u00e4r som helst. Brott mot dem kan leda till tillf\u00e4lliga eller permanenta avst\u00e4ngningar eller andra \u00e5tg\u00e4rder som kr\u00e4vs f\u00f6r att skydda v\u00e5r community.<\/p>\n\n\n\n<p><strong>S\u00e5 h\u00e4r rapporterar du problem:<\/strong><br>Om du ser n\u00e5gon bryta mot dessa riktlinjer, tryck bara p\u00e5 anm\u00e4lningsknappen \u2013 detta hj\u00e4lper oss att h\u00e5lla communityn s\u00e4ker och kan leda till att anv\u00e4ndaren blockeras. F\u00f6r hj\u00e4lp med att begr\u00e4nsa minder\u00e5rigas \u00e5tkomst till ol\u00e4mpligt inneh\u00e5ll, v\u00e4nligen s\u00f6k efter tips f\u00f6r f\u00f6r\u00e4ldrakontroll.<\/p>\n\n\n\n<hr class=\"wp-block-separator has-alpha-channel-opacity\"\/>\n\n\n\n<h3 class=\"wp-block-heading\">Viktiga riktlinjer<\/h3>\n\n\n\n<p><strong>1. Efterlevnad av lagen:<\/strong><br>F\u00f6lj alla lokala, nationella och internationella lagar. Olaglig verksamhet, inneh\u00e5ll eller f\u00f6rs\u00e4ljning \u00e4r str\u00e4ngt f\u00f6rbjudet.<\/p>\n\n\n\n<p><strong>2. F\u00f6rbjud undanflykter:<\/strong><br>Det \u00e4r inte till\u00e5tet att f\u00f6rs\u00f6ka kringg\u00e5 en avst\u00e4ngning (tillf\u00e4llig eller permanent).<\/p>\n\n\n\n<p><strong>3. V\u00e5ld och hot:<\/strong><br>Att hota, skr\u00e4mma eller trakassera andra \u00e4r str\u00e4ngt f\u00f6rbjudet.<\/p>\n\n\n\n<p><strong>4. Hatiskt uppf\u00f6rande och trakasserier:<\/strong><br>Diskriminering eller trakasserier baserade p\u00e5 ras, k\u00f6n, sexuell l\u00e4ggning, religion eller n\u00e5gon annan personlig egenskap tolereras inte.<\/p>\n\n\n\n<p><strong>5. Sexuellt explicit inneh\u00e5ll:<\/strong><br>Nakenhet, pornografi eller explicit sexuellt inneh\u00e5ll \u00e4r inte till\u00e5tet i modererade delar av webbplatsen.<\/p>\n\n\n\n<p><strong>6. Uppf\u00f6rande som involverar minder\u00e5riga:<\/strong><br>Allt inneh\u00e5ll eller beteende som utnyttjar, \u00e4ventyrar eller sexualiserar minder\u00e5riga \u00e4r str\u00e4ngt f\u00f6rbjudet och kan rapporteras till polisen.<\/p>\n\n\n\n<p><strong>7. Privat information:<\/strong><br>Respektera allas integritet. Dela inte n\u00e5gons personliga eller privata information utan tillst\u00e5nd.<\/p>\n\n\n\n<p><strong>8. Personifiering:<\/strong><br>Utge dig inte f\u00f6r att vara n\u00e5gon annan och vilseleda inte andra genom att utge dig f\u00f6r att vara n\u00e5gon annan.<\/p>\n\n\n\n<p><strong>9. Sj\u00e4lvskadebeteende:<\/strong><br>Inneh\u00e5ll som uppmuntrar till eller glorifierar sj\u00e4lvskadebeteende \u00e4r inte till\u00e5tet.<\/p>\n\n\n\n<p><strong>10. Djurpl\u00e5geri:<\/strong><br>Att publicera eller uppmuntra till n\u00e5gon form av misshandel eller skada p\u00e5 djur \u00e4r str\u00e4ngt f\u00f6rbjudet.<\/p>\n\n\n\n<p><strong>11. Marknadsf\u00f6ring och reklam:<\/strong><br>FreeChatNow.cam f\u00e5r inte anv\u00e4ndas f\u00f6r obeh\u00f6rig reklam eller marknadsf\u00f6ring.<\/p>\n\n\n\n<p><strong>12. Botanv\u00e4ndning:<\/strong><br>Anv\u00e4ndning av bottar eller automatiserade verktyg f\u00f6r att komma \u00e5t eller interagera med FreeChatNow.cam \u00e4r inte till\u00e5tet.<\/p>\n\n\n\n<hr class=\"wp-block-separator has-alpha-channel-opacity\"\/>\n\n\n\n<p><strong>Tack f\u00f6r att du hj\u00e4lper oss att g\u00f6ra FreeChatNow.cam till en positiv plats f\u00f6r alla!<\/strong><\/p>","protected":false},"excerpt":{"rendered":"<p>Welcome to FreeChatNow.cam!We\u2019re here to help you connect, chat, and have fun in a friendly environment. Our Community Guidelines are designed to ensure that FreeChatNow.cam remains a safe, respectful, and inclusive place for everyone. While these guidelines aren\u2019t exhaustive, they highlight the key standards for behavior on our platform. Please use common sense, be considerate, [&hellip;]<\/p>\n","protected":false},"author":1,"featured_media":0,"parent":0,"menu_order":0,"comment_status":"closed","ping_status":"closed","template":"","meta":{"footnotes":""},"class_list":["post-898","page","type-page","status-publish","hentry"],"yoast_head":"<!-- This site is optimized with the Yoast SEO plugin v27.2 - https:\/\/yoast.com\/product\/yoast-seo-wordpress\/ -->\n<title>Guidelines - Free Chat Now Cams<\/title>\n<meta name=\"robots\" content=\"index, follow, max-snippet:-1, max-image-preview:large, max-video-preview:-1\" \/>\n<link rel=\"canonical\" href=\"https:\/\/freechatnow.cam\/sv\/guidelines\/\" \/>\n<meta property=\"og:locale\" content=\"sv_SE\" \/>\n<meta property=\"og:type\" content=\"article\" \/>\n<meta property=\"og:title\" content=\"Guidelines - Free Chat Now Cams\" \/>\n<meta property=\"og:description\" content=\"Welcome to FreeChatNow.cam!We\u2019re here to help you connect, chat, and have fun in a friendly environment. Our Community Guidelines are designed to ensure that FreeChatNow.cam remains a safe, respectful, and inclusive place for everyone. While these guidelines aren\u2019t exhaustive, they highlight the key standards for behavior on our platform. Please use common sense, be considerate, [&hellip;]\" \/>\n<meta property=\"og:url\" content=\"https:\/\/freechatnow.cam\/sv\/guidelines\/\" \/>\n<meta property=\"og:site_name\" content=\"Free Chat Now Cams\" \/>\n<meta property=\"article:modified_time\" content=\"2025-07-04T19:24:56+00:00\" \/>\n<meta name=\"twitter:card\" content=\"summary_large_image\" \/>\n<meta name=\"twitter:label1\" content=\"Ber\u00e4knad l\u00e4stid\" \/>\n\t<meta name=\"twitter:data1\" content=\"2 minuter\" \/>\n<script type=\"application\/ld+json\" class=\"yoast-schema-graph\">{\"@context\":\"https:\/\/schema.org\",\"@graph\":[{\"@type\":\"WebPage\",\"@id\":\"https:\/\/freechatnow.cam\/guidelines\/\",\"url\":\"https:\/\/freechatnow.cam\/guidelines\/\",\"name\":\"Guidelines - Free Chat Now Cams\",\"isPartOf\":{\"@id\":\"https:\/\/freechatnow.cam\/#website\"},\"datePublished\":\"2025-07-04T19:24:53+00:00\",\"dateModified\":\"2025-07-04T19:24:56+00:00\",\"breadcrumb\":{\"@id\":\"https:\/\/freechatnow.cam\/guidelines\/#breadcrumb\"},\"inLanguage\":\"sv-SE\",\"potentialAction\":[{\"@type\":\"ReadAction\",\"target\":[\"https:\/\/freechatnow.cam\/guidelines\/\"]}]},{\"@type\":\"BreadcrumbList\",\"@id\":\"https:\/\/freechatnow.cam\/guidelines\/#breadcrumb\",\"itemListElement\":[{\"@type\":\"ListItem\",\"position\":1,\"name\":\"Home\",\"item\":\"https:\/\/freechatnow.cam\/\"},{\"@type\":\"ListItem\",\"position\":2,\"name\":\"Guidelines\"}]},{\"@type\":\"WebSite\",\"@id\":\"https:\/\/freechatnow.cam\/#website\",\"url\":\"https:\/\/freechatnow.cam\/\",\"name\":\"Free Chat Now Cams\",\"description\":\"Chat for free online with random strangers on cam\",\"publisher\":{\"@id\":\"https:\/\/freechatnow.cam\/#organization\"},\"potentialAction\":[{\"@type\":\"SearchAction\",\"target\":{\"@type\":\"EntryPoint\",\"urlTemplate\":\"https:\/\/freechatnow.cam\/?s={search_term_string}\"},\"query-input\":{\"@type\":\"PropertyValueSpecification\",\"valueRequired\":true,\"valueName\":\"search_term_string\"}}],\"inLanguage\":\"sv-SE\"},{\"@type\":\"Organization\",\"@id\":\"https:\/\/freechatnow.cam\/#organization\",\"name\":\"Free Chat Now Cams\",\"url\":\"https:\/\/freechatnow.cam\/\",\"logo\":{\"@type\":\"ImageObject\",\"inLanguage\":\"sv-SE\",\"@id\":\"https:\/\/freechatnow.cam\/#\/schema\/logo\/image\/\",\"url\":\"https:\/\/freechatnow.cam\/wp-content\/uploads\/2025\/06\/cropped-logo-freechatnow-1.png\",\"contentUrl\":\"https:\/\/freechatnow.cam\/wp-content\/uploads\/2025\/06\/cropped-logo-freechatnow-1.png\",\"width\":1024,\"height\":372,\"caption\":\"Free Chat Now Cams\"},\"image\":{\"@id\":\"https:\/\/freechatnow.cam\/#\/schema\/logo\/image\/\"}}]}<\/script>\n<!-- \/ Yoast SEO plugin. -->","yoast_head_json":{"title":"Riktlinjer - Free Chat Now-kameror","robots":{"index":"index","follow":"follow","max-snippet":"max-snippet:-1","max-image-preview":"max-image-preview:large","max-video-preview":"max-video-preview:-1"},"canonical":"https:\/\/freechatnow.cam\/sv\/guidelines\/","og_locale":"sv_SE","og_type":"article","og_title":"Guidelines - Free Chat Now Cams","og_description":"Welcome to FreeChatNow.cam!We\u2019re here to help you connect, chat, and have fun in a friendly environment. Our Community Guidelines are designed to ensure that FreeChatNow.cam remains a safe, respectful, and inclusive place for everyone. While these guidelines aren\u2019t exhaustive, they highlight the key standards for behavior on our platform. Please use common sense, be considerate, [&hellip;]","og_url":"https:\/\/freechatnow.cam\/sv\/guidelines\/","og_site_name":"Free Chat Now Cams","article_modified_time":"2025-07-04T19:24:56+00:00","twitter_card":"summary_large_image","twitter_misc":{"Ber\u00e4knad l\u00e4stid":"2 minuter"},"schema":{"@context":"https:\/\/schema.org","@graph":[{"@type":"WebPage","@id":"https:\/\/freechatnow.cam\/guidelines\/","url":"https:\/\/freechatnow.cam\/guidelines\/","name":"Riktlinjer - Free Chat Now-kameror","isPartOf":{"@id":"https:\/\/freechatnow.cam\/#website"},"datePublished":"2025-07-04T19:24:53+00:00","dateModified":"2025-07-04T19:24:56+00:00","breadcrumb":{"@id":"https:\/\/freechatnow.cam\/guidelines\/#breadcrumb"},"inLanguage":"sv-SE","potentialAction":[{"@type":"ReadAction","target":["https:\/\/freechatnow.cam\/guidelines\/"]}]},{"@type":"BreadcrumbList","@id":"https:\/\/freechatnow.cam\/guidelines\/#breadcrumb","itemListElement":[{"@type":"ListItem","position":1,"name":"Home","item":"https:\/\/freechatnow.cam\/"},{"@type":"ListItem","position":2,"name":"Guidelines"}]},{"@type":"WebSite","@id":"https:\/\/freechatnow.cam\/#website","url":"https:\/\/freechatnow.cam\/","name":"Free Chat Now-kameror","description":"Chatta gratis online med slumpm\u00e4ssiga fr\u00e4mlingar p\u00e5 webbkamera","publisher":{"@id":"https:\/\/freechatnow.cam\/#organization"},"potentialAction":[{"@type":"SearchAction","target":{"@type":"EntryPoint","urlTemplate":"https:\/\/freechatnow.cam\/?s={search_term_string}"},"query-input":{"@type":"PropertyValueSpecification","valueRequired":true,"valueName":"search_term_string"}}],"inLanguage":"sv-SE"},{"@type":"Organization","@id":"https:\/\/freechatnow.cam\/#organization","name":"Free Chat Now-kameror","url":"https:\/\/freechatnow.cam\/","logo":{"@type":"ImageObject","inLanguage":"sv-SE","@id":"https:\/\/freechatnow.cam\/#\/schema\/logo\/image\/","url":"https:\/\/freechatnow.cam\/wp-content\/uploads\/2025\/06\/cropped-logo-freechatnow-1.png","contentUrl":"https:\/\/freechatnow.cam\/wp-content\/uploads\/2025\/06\/cropped-logo-freechatnow-1.png","width":1024,"height":372,"caption":"Free Chat Now Cams"},"image":{"@id":"https:\/\/freechatnow.cam\/#\/schema\/logo\/image\/"}}]}},"_links":{"self":[{"href":"https:\/\/freechatnow.cam\/sv\/wp-json\/wp\/v2\/pages\/898","targetHints":{"allow":["GET"]}}],"collection":[{"href":"https:\/\/freechatnow.cam\/sv\/wp-json\/wp\/v2\/pages"}],"about":[{"href":"https:\/\/freechatnow.cam\/sv\/wp-json\/wp\/v2\/types\/page"}],"author":[{"embeddable":true,"href":"https:\/\/freechatnow.cam\/sv\/wp-json\/wp\/v2\/users\/1"}],"replies":[{"embeddable":true,"href":"https:\/\/freechatnow.cam\/sv\/wp-json\/wp\/v2\/comments?post=898"}],"version-history":[{"count":1,"href":"https:\/\/freechatnow.cam\/sv\/wp-json\/wp\/v2\/pages\/898\/revisions"}],"predecessor-version":[{"id":899,"href":"https:\/\/freechatnow.cam\/sv\/wp-json\/wp\/v2\/pages\/898\/revisions\/899"}],"wp:attachment":[{"href":"https:\/\/freechatnow.cam\/sv\/wp-json\/wp\/v2\/media?parent=898"}],"curies":[{"name":"wp","href":"https:\/\/api.w.org\/{rel}","templated":true}]}}