{"id":898,"date":"2025-07-04T19:24:53","date_gmt":"2025-07-04T19:24:53","guid":{"rendered":"https:\/\/freechatnow.cam\/?page_id=898"},"modified":"2025-07-04T19:24:56","modified_gmt":"2025-07-04T19:24:56","slug":"guidelines","status":"publish","type":"page","link":"https:\/\/freechatnow.cam\/hu\/guidelines\/","title":{"rendered":"Ir\u00e1nyelvek"},"content":{"rendered":"<p><strong>\u00dcdv\u00f6zl\u00fcnk a FreeChatNow.cam oldalon!<\/strong><br>Az\u00e9rt vagyunk itt, hogy seg\u00edts\u00fcnk neked kapcsolatba l\u00e9pni, csevegni \u00e9s sz\u00f3rakozni egy bar\u00e1ts\u00e1gos k\u00f6rnyezetben. K\u00f6z\u00f6ss\u00e9gi ir\u00e1nyelveink c\u00e9lja, hogy a FreeChatNow.cam biztons\u00e1gos, tiszteletteljes \u00e9s befogad\u00f3 hely maradjon mindenki sz\u00e1m\u00e1ra. B\u00e1r ezek az ir\u00e1nyelvek nem teljes k\u00f6r\u0171ek, kiemelik a platformunkon val\u00f3 viselked\u00e9s legfontosabb norm\u00e1it. K\u00e9rj\u00fck, haszn\u00e1ld a j\u00f3zan eszedet, l\u00e9gy figyelmes, \u00e9s b\u00e1nj m\u00e1sokkal tisztelettel szolg\u00e1ltat\u00e1saink haszn\u00e1lata sor\u00e1n.<\/p>\n\n\n\n<p>Ezek az ir\u00e1nyelvek a FreeChatNow.cam weboldal \u00e9s szolg\u00e1ltat\u00e1sok (\u201eSzolg\u00e1ltat\u00e1sok\u201d) haszn\u00e1lat\u00e1ra vonatkoznak. Fenntartjuk a jogot, hogy ezeket az ir\u00e1nyelveket b\u00e1rmikor friss\u00edts\u00fck vagy megv\u00e1ltoztassuk. Megs\u00e9rt\u00e9s\u00fck ideiglenes vagy v\u00e9gleges kitilt\u00e1st, vagy a k\u00f6z\u00f6ss\u00e9g\u00fcnk v\u00e9delme \u00e9rdek\u00e9ben sz\u00fcks\u00e9ges egy\u00e9b int\u00e9zked\u00e9seket vonhat maga ut\u00e1n.<\/p>\n\n\n\n<p><strong>Probl\u00e9m\u00e1k bejelent\u00e9se:<\/strong><br>Ha azt l\u00e1tod, hogy valaki megszegi ezeket az ir\u00e1nyelveket, csak nyomd meg a jelent\u00e9s gombot \u2013 ez seg\u00edt nek\u00fcnk biztons\u00e1gban tartani a k\u00f6z\u00f6ss\u00e9get, \u00e9s a felhaszn\u00e1l\u00f3 letilt\u00e1s\u00e1hoz vezethet. A kiskor\u00faak nem megfelel\u0151 tartalmakhoz val\u00f3 hozz\u00e1f\u00e9r\u00e9s\u00e9nek korl\u00e1toz\u00e1s\u00e1val kapcsolatos seg\u00edts\u00e9g\u00e9rt k\u00e9rj\u00fck, keress sz\u00fcl\u0151i fel\u00fcgyeleti tippeket.<\/p>\n\n\n\n<hr class=\"wp-block-separator has-alpha-channel-opacity\"\/>\n\n\n\n<h3 class=\"wp-block-heading\">F\u0151bb ir\u00e1nyelvek<\/h3>\n\n\n\n<p><strong>1. A t\u00f6rv\u00e9ny betart\u00e1sa:<\/strong><br>Tartsa be az \u00f6sszes helyi, orsz\u00e1gos \u00e9s nemzetk\u00f6zi t\u00f6rv\u00e9nyt. Az illeg\u00e1lis tev\u00e9kenys\u00e9gek, tartalmak vagy k\u00e9reget\u00e9sek szigor\u00faan tilosak.<\/p>\n\n\n\n<p><strong>2. Tilt\u00e1s megker\u00fcl\u00e9se:<\/strong><br>Tilos megpr\u00f3b\u00e1lni megker\u00fclni egy kitilt\u00e1st (ideiglenes vagy v\u00e9gleges).<\/p>\n\n\n\n<p><strong>3. Er\u0151szak \u00e9s fenyeget\u00e9sek:<\/strong><br>Szigor\u00faan tilos m\u00e1sokat fenyegetni, megf\u00e9leml\u00edteni vagy zaklatni.<\/p>\n\n\n\n<p><strong>4. Gy\u0171l\u00f6letkelt\u0151 magatart\u00e1s \u00e9s zaklat\u00e1s:<\/strong><br>A faji, nemi, szexu\u00e1lis ir\u00e1nyults\u00e1gi, vall\u00e1si vagy b\u00e1rmely m\u00e1s szem\u00e9lyes jellemz\u0151n alapul\u00f3 diszkrimin\u00e1ci\u00f3 vagy zaklat\u00e1s nem toler\u00e1lhat\u00f3.<\/p>\n\n\n\n<p><strong>5. Szexu\u00e1lisan explicit tartalom:<\/strong><br>Meztelens\u00e9g, pornogr\u00e1fia vagy explicit szexu\u00e1lis tartalom nem megengedett a webhely moder\u00e1lt r\u00e9szein.<\/p>\n\n\n\n<p><strong>6. Kiskor\u00faakat \u00e9rint\u0151 magatart\u00e1s:<\/strong><br>Szigor\u00faan tilos minden olyan tartalom vagy viselked\u00e9s, amely kiskor\u00faakat kihaszn\u00e1l, vesz\u00e9lyeztet vagy szexualiz\u00e1l, \u00e9s jelenthet\u0151 a b\u0171n\u00fcld\u00f6z\u0151 szerveknek.<\/p>\n\n\n\n<p><strong>7. Szem\u00e9lyes adatok:<\/strong><br>Tartsd tiszteletben mindenki mag\u00e1n\u00e9let\u00e9t. Ne oszd meg senki szem\u00e9lyes vagy priv\u00e1t adatait enged\u00e9ly n\u00e9lk\u00fcl.<\/p>\n\n\n\n<p><strong>8. Szem\u00e9lyis\u00e9ggel val\u00f3 vissza\u00e9l\u00e9s:<\/strong><br>Ne add ki magad m\u00e1snak, \u00e9s ne vezesd f\u00e9lre m\u00e1sokat szem\u00e9lyes adatokkal val\u00f3 vissza\u00e9l\u00e9ssel.<\/p>\n\n\n\n<p><strong>9. \u00d6nk\u00e1ros\u00edt\u00e1s:<\/strong><br>Az \u00f6nk\u00e1ros\u00edt\u00e1st \u00f6szt\u00f6nz\u0151 vagy dics\u0151\u00edt\u0151 tartalom nem enged\u00e9lyezett.<\/p>\n\n\n\n<p><strong>10. \u00c1llatk\u00ednz\u00e1s:<\/strong><br>Szigor\u00faan tilos az \u00e1llatok b\u00e1ntalmaz\u00e1s\u00e1ra vagy b\u00e1ntalmaz\u00e1s\u00e1ra ir\u00e1nyul\u00f3 b\u00e1rmilyen tartalom k\u00f6zz\u00e9t\u00e9tele vagy b\u00e1tor\u00edt\u00e1sa.<\/p>\n\n\n\n<p><strong>11. Marketing \u00e9s rekl\u00e1m:<\/strong><br>A FreeChatNow.cam nem haszn\u00e1lhat\u00f3 fel jogosulatlan rekl\u00e1moz\u00e1sra vagy marketingre.<\/p>\n\n\n\n<p><strong>12. Bothaszn\u00e1lat:<\/strong><br>Botok vagy automatiz\u00e1lt eszk\u00f6z\u00f6k haszn\u00e1lata a FreeChatNow.cam el\u00e9r\u00e9s\u00e9hez vagy azzal val\u00f3 interakci\u00f3hoz tilos.<\/p>\n\n\n\n<hr class=\"wp-block-separator has-alpha-channel-opacity\"\/>\n\n\n\n<p><strong>K\u00f6sz\u00f6nj\u00fck, hogy seg\u00edtesz nek\u00fcnk a FreeChatNow.cam-et egy pozit\u00edv helly\u00e9 tenni mindenki sz\u00e1m\u00e1ra!<\/strong><\/p>","protected":false},"excerpt":{"rendered":"<p>Welcome to FreeChatNow.cam!We\u2019re here to help you connect, chat, and have fun in a friendly environment. Our Community Guidelines are designed to ensure that FreeChatNow.cam remains a safe, respectful, and inclusive place for everyone. While these guidelines aren\u2019t exhaustive, they highlight the key standards for behavior on our platform. Please use common sense, be considerate, [&hellip;]<\/p>\n","protected":false},"author":1,"featured_media":0,"parent":0,"menu_order":0,"comment_status":"closed","ping_status":"closed","template":"","meta":{"footnotes":""},"class_list":["post-898","page","type-page","status-publish","hentry"],"yoast_head":"<!-- This site is optimized with the Yoast SEO plugin v27.4 - https:\/\/yoast.com\/product\/yoast-seo-wordpress\/ -->\n<title>Guidelines - Free Chat Now Cams<\/title>\n<meta name=\"robots\" content=\"index, follow, max-snippet:-1, max-image-preview:large, max-video-preview:-1\" \/>\n<link rel=\"canonical\" href=\"https:\/\/freechatnow.cam\/hu\/guidelines\/\" \/>\n<meta property=\"og:locale\" content=\"hu_HU\" \/>\n<meta property=\"og:type\" content=\"article\" \/>\n<meta property=\"og:title\" content=\"Guidelines - Free Chat Now Cams\" \/>\n<meta property=\"og:description\" content=\"Welcome to FreeChatNow.cam!We\u2019re here to help you connect, chat, and have fun in a friendly environment. Our Community Guidelines are designed to ensure that FreeChatNow.cam remains a safe, respectful, and inclusive place for everyone. While these guidelines aren\u2019t exhaustive, they highlight the key standards for behavior on our platform. Please use common sense, be considerate, [&hellip;]\" \/>\n<meta property=\"og:url\" content=\"https:\/\/freechatnow.cam\/hu\/guidelines\/\" \/>\n<meta property=\"og:site_name\" content=\"Free Chat Now Cams\" \/>\n<meta property=\"article:modified_time\" content=\"2025-07-04T19:24:56+00:00\" \/>\n<meta name=\"twitter:card\" content=\"summary_large_image\" \/>\n<meta name=\"twitter:label1\" content=\"Becs\u00fclt olvas\u00e1si id\u0151\" \/>\n\t<meta name=\"twitter:data1\" content=\"2 perc\" \/>\n<script type=\"application\/ld+json\" class=\"yoast-schema-graph\">{\"@context\":\"https:\\\/\\\/schema.org\",\"@graph\":[{\"@type\":\"WebPage\",\"@id\":\"https:\\\/\\\/freechatnow.cam\\\/guidelines\\\/\",\"url\":\"https:\\\/\\\/freechatnow.cam\\\/guidelines\\\/\",\"name\":\"Guidelines - Free Chat Now Cams\",\"isPartOf\":{\"@id\":\"https:\\\/\\\/freechatnow.cam\\\/#website\"},\"datePublished\":\"2025-07-04T19:24:53+00:00\",\"dateModified\":\"2025-07-04T19:24:56+00:00\",\"breadcrumb\":{\"@id\":\"https:\\\/\\\/freechatnow.cam\\\/guidelines\\\/#breadcrumb\"},\"inLanguage\":\"hu\",\"potentialAction\":[{\"@type\":\"ReadAction\",\"target\":[\"https:\\\/\\\/freechatnow.cam\\\/guidelines\\\/\"]}]},{\"@type\":\"BreadcrumbList\",\"@id\":\"https:\\\/\\\/freechatnow.cam\\\/guidelines\\\/#breadcrumb\",\"itemListElement\":[{\"@type\":\"ListItem\",\"position\":1,\"name\":\"Home\",\"item\":\"https:\\\/\\\/freechatnow.cam\\\/\"},{\"@type\":\"ListItem\",\"position\":2,\"name\":\"Guidelines\"}]},{\"@type\":\"WebSite\",\"@id\":\"https:\\\/\\\/freechatnow.cam\\\/#website\",\"url\":\"https:\\\/\\\/freechatnow.cam\\\/\",\"name\":\"Free Chat Now Cams\",\"description\":\"Chat for free online with random strangers on cam\",\"publisher\":{\"@id\":\"https:\\\/\\\/freechatnow.cam\\\/#organization\"},\"potentialAction\":[{\"@type\":\"SearchAction\",\"target\":{\"@type\":\"EntryPoint\",\"urlTemplate\":\"https:\\\/\\\/freechatnow.cam\\\/?s={search_term_string}\"},\"query-input\":{\"@type\":\"PropertyValueSpecification\",\"valueRequired\":true,\"valueName\":\"search_term_string\"}}],\"inLanguage\":\"hu\"},{\"@type\":\"Organization\",\"@id\":\"https:\\\/\\\/freechatnow.cam\\\/#organization\",\"name\":\"Free Chat Now Cams\",\"url\":\"https:\\\/\\\/freechatnow.cam\\\/\",\"logo\":{\"@type\":\"ImageObject\",\"inLanguage\":\"hu\",\"@id\":\"https:\\\/\\\/freechatnow.cam\\\/#\\\/schema\\\/logo\\\/image\\\/\",\"url\":\"https:\\\/\\\/freechatnow.cam\\\/wp-content\\\/uploads\\\/2025\\\/06\\\/cropped-logo-freechatnow-1.png\",\"contentUrl\":\"https:\\\/\\\/freechatnow.cam\\\/wp-content\\\/uploads\\\/2025\\\/06\\\/cropped-logo-freechatnow-1.png\",\"width\":1024,\"height\":372,\"caption\":\"Free Chat Now Cams\"},\"image\":{\"@id\":\"https:\\\/\\\/freechatnow.cam\\\/#\\\/schema\\\/logo\\\/image\\\/\"}}]}<\/script>\n<!-- \/ Yoast SEO plugin. -->","yoast_head_json":{"title":"\u00datmutat\u00f3 - Free Chat Now kamer\u00e1k","robots":{"index":"index","follow":"follow","max-snippet":"max-snippet:-1","max-image-preview":"max-image-preview:large","max-video-preview":"max-video-preview:-1"},"canonical":"https:\/\/freechatnow.cam\/hu\/guidelines\/","og_locale":"hu_HU","og_type":"article","og_title":"Guidelines - Free Chat Now Cams","og_description":"Welcome to FreeChatNow.cam!We\u2019re here to help you connect, chat, and have fun in a friendly environment. Our Community Guidelines are designed to ensure that FreeChatNow.cam remains a safe, respectful, and inclusive place for everyone. While these guidelines aren\u2019t exhaustive, they highlight the key standards for behavior on our platform. Please use common sense, be considerate, [&hellip;]","og_url":"https:\/\/freechatnow.cam\/hu\/guidelines\/","og_site_name":"Free Chat Now Cams","article_modified_time":"2025-07-04T19:24:56+00:00","twitter_card":"summary_large_image","twitter_misc":{"Becs\u00fclt olvas\u00e1si id\u0151":"2 perc"},"schema":{"@context":"https:\/\/schema.org","@graph":[{"@type":"WebPage","@id":"https:\/\/freechatnow.cam\/guidelines\/","url":"https:\/\/freechatnow.cam\/guidelines\/","name":"\u00datmutat\u00f3 - Free Chat Now kamer\u00e1k","isPartOf":{"@id":"https:\/\/freechatnow.cam\/#website"},"datePublished":"2025-07-04T19:24:53+00:00","dateModified":"2025-07-04T19:24:56+00:00","breadcrumb":{"@id":"https:\/\/freechatnow.cam\/guidelines\/#breadcrumb"},"inLanguage":"hu","potentialAction":[{"@type":"ReadAction","target":["https:\/\/freechatnow.cam\/guidelines\/"]}]},{"@type":"BreadcrumbList","@id":"https:\/\/freechatnow.cam\/guidelines\/#breadcrumb","itemListElement":[{"@type":"ListItem","position":1,"name":"Home","item":"https:\/\/freechatnow.cam\/"},{"@type":"ListItem","position":2,"name":"Guidelines"}]},{"@type":"WebSite","@id":"https:\/\/freechatnow.cam\/#website","url":"https:\/\/freechatnow.cam\/","name":"Free Chat Now b\u00fctyk\u00f6k","description":"Csevegj ingyen online idegenekkel kamer\u00e1n kereszt\u00fcl","publisher":{"@id":"https:\/\/freechatnow.cam\/#organization"},"potentialAction":[{"@type":"SearchAction","target":{"@type":"EntryPoint","urlTemplate":"https:\/\/freechatnow.cam\/?s={search_term_string}"},"query-input":{"@type":"PropertyValueSpecification","valueRequired":true,"valueName":"search_term_string"}}],"inLanguage":"hu"},{"@type":"Organization","@id":"https:\/\/freechatnow.cam\/#organization","name":"Free Chat Now b\u00fctyk\u00f6k","url":"https:\/\/freechatnow.cam\/","logo":{"@type":"ImageObject","inLanguage":"hu","@id":"https:\/\/freechatnow.cam\/#\/schema\/logo\/image\/","url":"https:\/\/freechatnow.cam\/wp-content\/uploads\/2025\/06\/cropped-logo-freechatnow-1.png","contentUrl":"https:\/\/freechatnow.cam\/wp-content\/uploads\/2025\/06\/cropped-logo-freechatnow-1.png","width":1024,"height":372,"caption":"Free Chat Now Cams"},"image":{"@id":"https:\/\/freechatnow.cam\/#\/schema\/logo\/image\/"}}]}},"_links":{"self":[{"href":"https:\/\/freechatnow.cam\/hu\/wp-json\/wp\/v2\/pages\/898","targetHints":{"allow":["GET"]}}],"collection":[{"href":"https:\/\/freechatnow.cam\/hu\/wp-json\/wp\/v2\/pages"}],"about":[{"href":"https:\/\/freechatnow.cam\/hu\/wp-json\/wp\/v2\/types\/page"}],"author":[{"embeddable":true,"href":"https:\/\/freechatnow.cam\/hu\/wp-json\/wp\/v2\/users\/1"}],"replies":[{"embeddable":true,"href":"https:\/\/freechatnow.cam\/hu\/wp-json\/wp\/v2\/comments?post=898"}],"version-history":[{"count":1,"href":"https:\/\/freechatnow.cam\/hu\/wp-json\/wp\/v2\/pages\/898\/revisions"}],"predecessor-version":[{"id":899,"href":"https:\/\/freechatnow.cam\/hu\/wp-json\/wp\/v2\/pages\/898\/revisions\/899"}],"wp:attachment":[{"href":"https:\/\/freechatnow.cam\/hu\/wp-json\/wp\/v2\/media?parent=898"}],"curies":[{"name":"munkaf\u00fczet","href":"https:\/\/api.w.org\/{rel}","templated":true}]}}