{"id":149,"date":"2022-12-27T18:03:58","date_gmt":"2022-12-27T18:03:58","guid":{"rendered":"https:\/\/export.mercurytheme.com\/012\/?page_id=149"},"modified":"2025-07-04T19:29:29","modified_gmt":"2025-07-04T19:29:29","slug":"terms-and-conditions","status":"publish","type":"page","link":"https:\/\/freechatnow.cam\/hu\/terms-and-conditions\/","title":{"rendered":"Szolg\u00e1ltat\u00e1si felt\u00e9telek \u2014 FreeChatNow.cam"},"content":{"rendered":"<p>A FreeChatNow.cam haszn\u00e1lat\u00e1val \u00d6n elfogadja a k\u00f6vetkez\u0151 felt\u00e9teleket:<\/p>\n\n\n\n<ul class=\"wp-block-list\">\n<li><strong>18 \u00e9ves vagy id\u0151sebb vagy.<\/strong><\/li>\n\n\n\n<li><strong>\u00d6n elolvasta \u00e9s meg\u00e9rtette ezeket a Felhaszn\u00e1l\u00e1si Felt\u00e9teleket \u00e9s az Adatv\u00e9delmi Szab\u00e1lyzatunkat.<\/strong><\/li>\n\n\n\n<li><strong>\u00d6n beleegyezik, hogy k\u00f6veti a mi <a href=\"https:\/\/freechatnow.cam\/hu\/guidelines\/\">K\u00f6z\u00f6ss\u00e9gi ir\u00e1nyelvek<\/a>.<\/strong><\/li>\n<\/ul>\n\n\n\n<hr class=\"wp-block-separator has-alpha-channel-opacity\"\/>\n\n\n\n<h3 class=\"wp-block-heading\">Mi az a FreeChatNow.cam?<\/h3>\n\n\n\n<p>A FreeChatNow.cam egy cseveg\u0151alkalmaz\u00e1s, amely lehet\u0151v\u00e9 teszi, hogy azonnali \u00fczenetk\u00fcld\u00e9s \u00e9s videocseveg\u00e9s seg\u00edts\u00e9g\u00e9vel kapcsolatba l\u00e9pj m\u00e1sokkal \u00e9s kommunik\u00e1lj vel\u00fck. Egyes felhaszn\u00e1l\u00f3k \u00e1ltal megosztott tartalmak olyan k\u00fcls\u0151 webhelyekre mutathatnak, amelyeket nem mi \u00fczemeltet\u00fcnk. Tov\u00e1bbi inform\u00e1ci\u00f3k\u00e9rt l\u00e1sd a 6. szakaszt: Kapcsol\u00f3d\u00f3 webhelyek.<\/p>\n\n\n\n<hr class=\"wp-block-separator has-alpha-channel-opacity\"\/>\n\n\n\n<h3 class=\"wp-block-heading\">1. Fi\u00f3kok<\/h3>\n\n\n\n<p>A FreeChatNow.cam oldalon nincs regisztr\u00e1ci\u00f3s vagy bejelentkez\u00e9si rendszer. Kiz\u00e1r\u00f3lag te vagy felel\u0151s a szolg\u00e1ltat\u00e1sunk el\u00e9r\u00e9s\u00e9hez haszn\u00e1lt eszk\u00f6z vagy platform biztons\u00e1g\u00e1\u00e9rt \u00e9s bizalmass\u00e1g\u00e1\u00e9rt. Te v\u00e1llalod a felel\u0151ss\u00e9get minden olyan m\u0171velet\u00e9rt vagy tev\u00e9kenys\u00e9g\u00e9rt, amely az eszk\u00f6z\u00f6d\u00f6n t\u00f6rt\u00e9nik a platformunk haszn\u00e1lata sor\u00e1n.<\/p>\n\n\n\n<hr class=\"wp-block-separator has-alpha-channel-opacity\"\/>\n\n\n\n<h3 class=\"wp-block-heading\">2. Megsz\u0171n\u00e9s<\/h3>\n\n\n\n<p>Fenntartjuk a jogot, hogy a FreeChatNow.cam oldalhoz val\u00f3 hozz\u00e1f\u00e9r\u00e9s\u00e9t b\u00e1rmikor \u00e9s b\u00e1rmilyen okb\u00f3l, el\u0151zetes \u00e9rtes\u00edt\u00e9s \u00e9s felel\u0151ss\u00e9gv\u00e1llal\u00e1s n\u00e9lk\u00fcl felf\u00fcggessz\u00fck vagy megsz\u00fcntess\u00fck, bele\u00e9rtve \u2013 de nem kiz\u00e1r\u00f3lagosan \u2013 a jelen Felt\u00e9telek megs\u00e9rt\u00e9s\u00e9t.<\/p>\n\n\n\n<hr class=\"wp-block-separator has-alpha-channel-opacity\"\/>\n\n\n\n<h3 class=\"wp-block-heading\">3. K\u00f6z\u00f6ss\u00e9gi ir\u00e1nyelvek<\/h3>\n\n\n\n<p>A mi\u00e9nk <a href=\"https:\/\/freechatnow.cam\/hu\/guidelines\/\">K\u00f6z\u00f6ss\u00e9gi ir\u00e1nyelvek<\/a> a FreeChatNow.cam \u00f6sszes felhaszn\u00e1l\u00f3j\u00e1ra \u00e9s tev\u00e9kenys\u00e9g\u00e9re vonatkozik.<\/p>\n\n\n\n<hr class=\"wp-block-separator has-alpha-channel-opacity\"\/>\n\n\n\n<h3 class=\"wp-block-heading\">4. Tartalom<\/h3>\n\n\n\n<p>A FreeChatNow.cam oldalon k\u00f6zz\u00e9tehetsz, megoszthatsz vagy tov\u00e1bb\u00edthatsz inform\u00e1ci\u00f3kat, sz\u00f6vegeket, k\u00e9peket, grafik\u00e1kat vagy vide\u00f3kat (\u201eTartalom\u201d). Kiz\u00e1r\u00f3lag te vagy felel\u0151s az \u00f6sszes megosztott tartalom\u00e9rt. A tartalomnak meg kell felelnie K\u00f6z\u00f6ss\u00e9gi ir\u00e1nyelveinknek, \u00e9s nem s\u00e9rtheti a t\u00f6rv\u00e9nyeket, a felhaszn\u00e1l\u00f3i jogokat, illetve nem tartalmazhat semmi helytelent vagy s\u00e9rt\u0151t.<\/p>\n\n\n\n<hr class=\"wp-block-separator has-alpha-channel-opacity\"\/>\n\n\n\n<h3 class=\"wp-block-heading\">5. Cseveg\u00e9s \u00e9s vide\u00f3moder\u00e1l\u00e1s<\/h3>\n\n\n\n<p>A FreeChatNow.cam haszn\u00e1lat\u00e1val \u00d6n tudom\u00e1sul veszi, hogy a felhaszn\u00e1l\u00f3k \u00e1ltal jelentett vagy megjel\u00f6lt \u00fczeneteket vagy vide\u00f3h\u00edrfolyamokat moder\u00e1torok (automatiz\u00e1ltak \u00e9s emberek egyar\u00e1nt) fel\u00fclvizsg\u00e1lhatj\u00e1k. Ez a biztons\u00e1gos \u00e9s tiszteletteljes k\u00f6rnyezet fenntart\u00e1sa \u00e9rdek\u00e9ben t\u00f6rt\u00e9nik minden felhaszn\u00e1l\u00f3 sz\u00e1m\u00e1ra. Tov\u00e1bbi r\u00e9szletek\u00e9rt k\u00e9rj\u00fck, tekintse meg K\u00f6z\u00f6ss\u00e9gi ir\u00e1nyelveinket.<\/p>\n\n\n\n<hr class=\"wp-block-separator has-alpha-channel-opacity\"\/>\n\n\n\n<h3 class=\"wp-block-heading\">6. Kapcsol\u00f3d\u00f3 weboldalak<\/h3>\n\n\n\n<p>A FreeChatNow.cam tartalmazhat olyan harmadik f\u00e9l weboldalaira mutat\u00f3 linkeket, amelyeket nem mi ir\u00e1ny\u00edtunk vagy \u00fczemeltet\u00fcnk. Ha egy k\u00fcls\u0151 webhelyre mutat\u00f3 linkre kattint, azt saj\u00e1t felel\u0151ss\u00e9g\u00e9re teszi. Javasoljuk, hogy tekintse \u00e1t az \u00d6n \u00e1ltal megl\u00e1togatott webhelyek adatv\u00e9delmi ir\u00e1nyelveit \u00e9s felt\u00e9teleit, bele\u00e9rtve a k\u00f6z\u00f6ss\u00e9gi m\u00e9dia platformokat is.<\/p>\n\n\n\n<p>Nincs befoly\u00e1sunk a harmadik f\u00e9l weboldalainak tartalm\u00e1ra, adatv\u00e9delmi gyakorlat\u00e1ra vagy szolg\u00e1ltat\u00e1saira, \u00e9s nem v\u00e1llalunk felel\u0151ss\u00e9get \u00e9rt\u00fck.<\/p>\n\n\n\n<hr class=\"wp-block-separator has-alpha-channel-opacity\"\/>\n\n\n\n<h3 class=\"wp-block-heading\">7. Garancia<\/h3>\n\n\n\n<p>A FreeChatNow.cam oldalt \u201eahogy van\u201d alapon, b\u00e1rmif\u00e9le garancia n\u00e9lk\u00fcl biztos\u00edtjuk. Nem garant\u00e1ljuk a szolg\u00e1ltat\u00e1sunk haszn\u00e1lat\u00e1b\u00f3l ered\u0151 eredm\u00e9nyeket. Nem v\u00e1llalunk felel\u0151ss\u00e9get a felhaszn\u00e1l\u00f3k \u00e1ltal megosztott tartalom\u00e9rt, illetve a harmadik f\u00e9lt\u0151l sz\u00e1rmaz\u00f3, saj\u00e1t t\u00e1rhelyen t\u00e1rolt vagy k\u00fcls\u0151 p\u00e9ld\u00e1nyokon tal\u00e1lhat\u00f3 tartalmak\u00e9rt, a K\u00f6z\u00f6ss\u00e9gi ir\u00e1nyelveinkben le\u00edrtak szerint.<\/p>\n\n\n\n<hr class=\"wp-block-separator has-alpha-channel-opacity\"\/>\n\n\n\n<h3 class=\"wp-block-heading\">8. Szellemi tulajdonjogok<\/h3>\n\n\n\n<p>A FreeChatNow.cam \u00e9s tulajdonosai fenntartj\u00e1k a szolg\u00e1ltat\u00e1shoz f\u0171z\u0151d\u0151 \u00f6sszes szellemi tulajdonjogot \u2013 bele\u00e9rtve a forr\u00e1sk\u00f3dot, a szoftvereket, az adatb\u00e1zisokat, a diz\u00e1jnt, a hanganyagokat, a vide\u00f3kat, a k\u00e9peket, a grafik\u00e1kat, a v\u00e9djegyeket \u00e9s a log\u00f3kat. Minden tartalom \u00e9s v\u00e9djegy szerz\u0151i jog \u00e9s egy\u00e9b t\u00f6rv\u00e9nyek v\u00e9delme alatt \u00e1ll, \u00e9s kiz\u00e1r\u00f3lag szem\u00e9lyes, nem kereskedelmi c\u00e9l\u00fa felhaszn\u00e1l\u00e1sra szolg\u00e1l.<\/p>\n\n\n\n<hr class=\"wp-block-separator has-alpha-channel-opacity\"\/>\n\n\n\n<h3 class=\"wp-block-heading\">9. Tiltott tev\u00e9kenys\u00e9gek<\/h3>\n\n\n\n<p>\u00d6n egyet\u00e9rt <strong>nem<\/strong> hogy:<\/p>\n\n\n\n<ul class=\"wp-block-list\">\n<li>Rendszereink sebezhet\u0151s\u00e9g\u00e9nek vizsg\u00e1lat\u00e1ra, szkennel\u00e9s\u00e9re vagy tesztel\u00e9s\u00e9re, illetve b\u00e1rmilyen biztons\u00e1gi int\u00e9zked\u00e9s megker\u00fcl\u00e9s\u00e9re tett k\u00eds\u00e9rlet.<\/li>\n\n\n\n<li>Automatiz\u00e1lt eszk\u00f6z\u00f6k, botok, robotok vagy adatb\u00e1ny\u00e1sz programok haszn\u00e1lata a tartalom el\u00e9r\u00e9s\u00e9hez vagy let\u00f6lt\u00e9s\u00e9hez.<\/li>\n\n\n\n<li>Fejl\u00e9cek hamis\u00edt\u00e1sa, azonos\u00edt\u00f3 adatok manipul\u00e1l\u00e1sa, szoftverek visszafejt\u00e9se, vagy a szolg\u00e1ltat\u00e1s megzavar\u00e1sa t\u00falterhel\u00e9ssel, spammel vagy rosszindulat\u00fa programokkal.<\/li>\n\n\n\n<li>Seg\u00edtsen vagy b\u00e1tor\u00edtson m\u00e1sokat ezekben a tev\u00e9kenys\u00e9gekben val\u00f3 r\u00e9szv\u00e9telre.<\/li>\n<\/ul>\n\n\n\n<hr class=\"wp-block-separator has-alpha-channel-opacity\"\/>\n\n\n\n<h3 class=\"wp-block-heading\">10. Felel\u0151ss\u00e9g korl\u00e1toz\u00e1sa<\/h3>\n\n\n\n<p>A FreeChatNow.cam nem v\u00e1llal felel\u0151ss\u00e9get a felhaszn\u00e1l\u00f3k cselekedetei\u00e9rt vagy a felhaszn\u00e1l\u00f3k \u00e1ltal megosztott tartalmak\u00e9rt.<\/p>\n\n\n\n<p>Elh\u00e1r\u00edtunk minden felel\u0151ss\u00e9get a FreeChatNow.cam haszn\u00e1lat\u00e1b\u00f3l ered\u0151 probl\u00e9m\u00e1k\u00e9rt, bele\u00e9rtve (de nem kiz\u00e1r\u00f3lagosan) a pereket, b\u00fcntet\u00e9seket, k\u00e1rt\u00e9r\u00edt\u00e9seket, vesztes\u00e9geket, k\u00f6vetel\u00e9seket, szolg\u00e1ltat\u00e1skies\u00e9seket, hardver- vagy adatveszt\u00e9st, j\u00f6vedelemkies\u00e9st, elszalasztott lehet\u0151s\u00e9geket, szerz\u0151d\u00e9sszeg\u00e9seket vagy harmadik f\u00e9l \u00e1ltal beny\u00fajtott k\u00f6vetel\u00e9seket \u2013 legyenek azok k\u00f6zvetlen, k\u00f6zvetett, v\u00e9letlenszer\u0171 vagy b\u00fcntet\u0151 jelleg\u0171ek.<\/p>\n\n\n\n<hr class=\"wp-block-separator has-alpha-channel-opacity\"\/>\n\n\n\n<h3 class=\"wp-block-heading\">11. A Felt\u00e9telek m\u00f3dos\u00edt\u00e1sai<\/h3>\n\n\n\n<p>Sz\u00fcks\u00e9g szerint friss\u00edthetj\u00fck ezeket a Szolg\u00e1ltat\u00e1si Felt\u00e9teleket. K\u00e9rj\u00fck, rendszeresen tekintse \u00e1t ezeket a Felt\u00e9teleket, mivel a friss\u00edt\u00e9sek a k\u00f6zz\u00e9t\u00e9telt k\u00f6vet\u0151en azonnal hat\u00e1lyba l\u00e9pnek. B\u00e1r id\u0151nk\u00e9nt \u00e9rtes\u00edthetj\u00fck a felhaszn\u00e1l\u00f3kat a v\u00e1ltoz\u00e1sokr\u00f3l, az \u00d6n felel\u0151ss\u00e9ge, hogy naprak\u00e9sz legyen. Ha nem \u00e9rt egyet a Felt\u00e9telekkel, abba kell hagynia a FreeChatNow.cam haszn\u00e1lat\u00e1t.<\/p>\n\n\n\n<hr class=\"wp-block-separator has-alpha-channel-opacity\"\/>\n\n\n\n<p><strong>K\u00f6sz\u00f6nj\u00fck, hogy a FreeChatNow.cam-et haszn\u00e1lod, \u00e9s seg\u00edtesz nek\u00fcnk egy biztons\u00e1gos, kellemes teret fenntartani mindenki sz\u00e1m\u00e1ra!<\/strong><\/p>","protected":false},"excerpt":{"rendered":"<p>By using FreeChatNow.cam, you agree to the following terms: What FreeChatNow.cam Is FreeChatNow.cam is a chat application that lets you connect and interact with others via instant messaging and video chat. Some user-shared content may link to external websites that are not operated by us. For more, see Section 6: Linked Websites. 1. Accounts There [&hellip;]<\/p>\n","protected":false},"author":1,"featured_media":0,"parent":0,"menu_order":0,"comment_status":"closed","ping_status":"closed","template":"page-no-sidebar.php","meta":{"footnotes":""},"class_list":["post-149","page","type-page","status-publish","hentry"],"yoast_head":"<!-- This site is optimized with the Yoast SEO plugin v27.2 - https:\/\/yoast.com\/product\/yoast-seo-wordpress\/ -->\n<title>Terms of Service \u2014 FreeChatNow.cam - Free Chat Now Cams<\/title>\n<meta name=\"robots\" content=\"index, follow, max-snippet:-1, max-image-preview:large, max-video-preview:-1\" \/>\n<link rel=\"canonical\" href=\"https:\/\/freechatnow.cam\/hu\/terms-and-conditions\/\" \/>\n<meta property=\"og:locale\" content=\"hu_HU\" \/>\n<meta property=\"og:type\" content=\"article\" \/>\n<meta property=\"og:title\" content=\"Terms of Service \u2014 FreeChatNow.cam - Free Chat Now Cams\" \/>\n<meta property=\"og:description\" content=\"By using FreeChatNow.cam, you agree to the following terms: What FreeChatNow.cam Is FreeChatNow.cam is a chat application that lets you connect and interact with others via instant messaging and video chat. Some user-shared content may link to external websites that are not operated by us. For more, see Section 6: Linked Websites. 1. Accounts There [&hellip;]\" \/>\n<meta property=\"og:url\" content=\"https:\/\/freechatnow.cam\/hu\/terms-and-conditions\/\" \/>\n<meta property=\"og:site_name\" content=\"Free Chat Now Cams\" \/>\n<meta property=\"article:modified_time\" content=\"2025-07-04T19:29:29+00:00\" \/>\n<meta name=\"twitter:card\" content=\"summary_large_image\" \/>\n<meta name=\"twitter:label1\" content=\"Becs\u00fclt olvas\u00e1si id\u0151\" \/>\n\t<meta name=\"twitter:data1\" content=\"3 perc\" \/>\n<script type=\"application\/ld+json\" class=\"yoast-schema-graph\">{\"@context\":\"https:\/\/schema.org\",\"@graph\":[{\"@type\":\"WebPage\",\"@id\":\"https:\/\/freechatnow.cam\/terms-and-conditions\/\",\"url\":\"https:\/\/freechatnow.cam\/terms-and-conditions\/\",\"name\":\"Terms of Service \u2014 FreeChatNow.cam - Free Chat Now Cams\",\"isPartOf\":{\"@id\":\"https:\/\/freechatnow.cam\/#website\"},\"datePublished\":\"2022-12-27T18:03:58+00:00\",\"dateModified\":\"2025-07-04T19:29:29+00:00\",\"breadcrumb\":{\"@id\":\"https:\/\/freechatnow.cam\/terms-and-conditions\/#breadcrumb\"},\"inLanguage\":\"hu\",\"potentialAction\":[{\"@type\":\"ReadAction\",\"target\":[\"https:\/\/freechatnow.cam\/terms-and-conditions\/\"]}]},{\"@type\":\"BreadcrumbList\",\"@id\":\"https:\/\/freechatnow.cam\/terms-and-conditions\/#breadcrumb\",\"itemListElement\":[{\"@type\":\"ListItem\",\"position\":1,\"name\":\"Home\",\"item\":\"https:\/\/freechatnow.cam\/\"},{\"@type\":\"ListItem\",\"position\":2,\"name\":\"Terms of Service \u2014 FreeChatNow.cam\"}]},{\"@type\":\"WebSite\",\"@id\":\"https:\/\/freechatnow.cam\/#website\",\"url\":\"https:\/\/freechatnow.cam\/\",\"name\":\"Free Chat Now Cams\",\"description\":\"Chat for free online with random strangers on cam\",\"publisher\":{\"@id\":\"https:\/\/freechatnow.cam\/#organization\"},\"potentialAction\":[{\"@type\":\"SearchAction\",\"target\":{\"@type\":\"EntryPoint\",\"urlTemplate\":\"https:\/\/freechatnow.cam\/?s={search_term_string}\"},\"query-input\":{\"@type\":\"PropertyValueSpecification\",\"valueRequired\":true,\"valueName\":\"search_term_string\"}}],\"inLanguage\":\"hu\"},{\"@type\":\"Organization\",\"@id\":\"https:\/\/freechatnow.cam\/#organization\",\"name\":\"Free Chat Now Cams\",\"url\":\"https:\/\/freechatnow.cam\/\",\"logo\":{\"@type\":\"ImageObject\",\"inLanguage\":\"hu\",\"@id\":\"https:\/\/freechatnow.cam\/#\/schema\/logo\/image\/\",\"url\":\"https:\/\/freechatnow.cam\/wp-content\/uploads\/2025\/06\/cropped-logo-freechatnow-1.png\",\"contentUrl\":\"https:\/\/freechatnow.cam\/wp-content\/uploads\/2025\/06\/cropped-logo-freechatnow-1.png\",\"width\":1024,\"height\":372,\"caption\":\"Free Chat Now Cams\"},\"image\":{\"@id\":\"https:\/\/freechatnow.cam\/#\/schema\/logo\/image\/\"}}]}<\/script>\n<!-- \/ Yoast SEO plugin. -->","yoast_head_json":{"title":"Szolg\u00e1ltat\u00e1si felt\u00e9telek \u2014 FreeChatNow.cam - Free Chat Now kamer\u00e1k","robots":{"index":"index","follow":"follow","max-snippet":"max-snippet:-1","max-image-preview":"max-image-preview:large","max-video-preview":"max-video-preview:-1"},"canonical":"https:\/\/freechatnow.cam\/hu\/terms-and-conditions\/","og_locale":"hu_HU","og_type":"article","og_title":"Terms of Service \u2014 FreeChatNow.cam - Free Chat Now Cams","og_description":"By using FreeChatNow.cam, you agree to the following terms: What FreeChatNow.cam Is FreeChatNow.cam is a chat application that lets you connect and interact with others via instant messaging and video chat. Some user-shared content may link to external websites that are not operated by us. For more, see Section 6: Linked Websites. 1. Accounts There [&hellip;]","og_url":"https:\/\/freechatnow.cam\/hu\/terms-and-conditions\/","og_site_name":"Free Chat Now Cams","article_modified_time":"2025-07-04T19:29:29+00:00","twitter_card":"summary_large_image","twitter_misc":{"Becs\u00fclt olvas\u00e1si id\u0151":"3 perc"},"schema":{"@context":"https:\/\/schema.org","@graph":[{"@type":"WebPage","@id":"https:\/\/freechatnow.cam\/terms-and-conditions\/","url":"https:\/\/freechatnow.cam\/terms-and-conditions\/","name":"Szolg\u00e1ltat\u00e1si felt\u00e9telek \u2014 FreeChatNow.cam - Free Chat Now kamer\u00e1k","isPartOf":{"@id":"https:\/\/freechatnow.cam\/#website"},"datePublished":"2022-12-27T18:03:58+00:00","dateModified":"2025-07-04T19:29:29+00:00","breadcrumb":{"@id":"https:\/\/freechatnow.cam\/terms-and-conditions\/#breadcrumb"},"inLanguage":"hu","potentialAction":[{"@type":"ReadAction","target":["https:\/\/freechatnow.cam\/terms-and-conditions\/"]}]},{"@type":"BreadcrumbList","@id":"https:\/\/freechatnow.cam\/terms-and-conditions\/#breadcrumb","itemListElement":[{"@type":"ListItem","position":1,"name":"Home","item":"https:\/\/freechatnow.cam\/"},{"@type":"ListItem","position":2,"name":"Terms of Service \u2014 FreeChatNow.cam"}]},{"@type":"WebSite","@id":"https:\/\/freechatnow.cam\/#website","url":"https:\/\/freechatnow.cam\/","name":"Free Chat Now b\u00fctyk\u00f6k","description":"Csevegj ingyen online idegenekkel kamer\u00e1n kereszt\u00fcl","publisher":{"@id":"https:\/\/freechatnow.cam\/#organization"},"potentialAction":[{"@type":"SearchAction","target":{"@type":"EntryPoint","urlTemplate":"https:\/\/freechatnow.cam\/?s={search_term_string}"},"query-input":{"@type":"PropertyValueSpecification","valueRequired":true,"valueName":"search_term_string"}}],"inLanguage":"hu"},{"@type":"Organization","@id":"https:\/\/freechatnow.cam\/#organization","name":"Free Chat Now b\u00fctyk\u00f6k","url":"https:\/\/freechatnow.cam\/","logo":{"@type":"ImageObject","inLanguage":"hu","@id":"https:\/\/freechatnow.cam\/#\/schema\/logo\/image\/","url":"https:\/\/freechatnow.cam\/wp-content\/uploads\/2025\/06\/cropped-logo-freechatnow-1.png","contentUrl":"https:\/\/freechatnow.cam\/wp-content\/uploads\/2025\/06\/cropped-logo-freechatnow-1.png","width":1024,"height":372,"caption":"Free Chat Now Cams"},"image":{"@id":"https:\/\/freechatnow.cam\/#\/schema\/logo\/image\/"}}]}},"_links":{"self":[{"href":"https:\/\/freechatnow.cam\/hu\/wp-json\/wp\/v2\/pages\/149","targetHints":{"allow":["GET"]}}],"collection":[{"href":"https:\/\/freechatnow.cam\/hu\/wp-json\/wp\/v2\/pages"}],"about":[{"href":"https:\/\/freechatnow.cam\/hu\/wp-json\/wp\/v2\/types\/page"}],"author":[{"embeddable":true,"href":"https:\/\/freechatnow.cam\/hu\/wp-json\/wp\/v2\/users\/1"}],"replies":[{"embeddable":true,"href":"https:\/\/freechatnow.cam\/hu\/wp-json\/wp\/v2\/comments?post=149"}],"version-history":[{"count":2,"href":"https:\/\/freechatnow.cam\/hu\/wp-json\/wp\/v2\/pages\/149\/revisions"}],"predecessor-version":[{"id":903,"href":"https:\/\/freechatnow.cam\/hu\/wp-json\/wp\/v2\/pages\/149\/revisions\/903"}],"wp:attachment":[{"href":"https:\/\/freechatnow.cam\/hu\/wp-json\/wp\/v2\/media?parent=149"}],"curies":[{"name":"munkaf\u00fczet","href":"https:\/\/api.w.org\/{rel}","templated":true}]}}